{"id":14394,"date":"2025-09-01T09:57:11","date_gmt":"2025-09-01T09:57:11","guid":{"rendered":"https:\/\/guardna.wpenginepowered.com\/7-9-klassetrin\/"},"modified":"2025-12-15T19:47:21","modified_gmt":"2025-12-15T19:47:21","slug":"8-10-klassetrin","status":"publish","type":"page","link":"https:\/\/guardna-educ.com\/da\/8-10-klassetrin\/","title":{"rendered":"Hjemme (8.-10. klassetrin)"},"content":{"rendered":"\t\t<div data-elementor-type=\"wp-page\" data-elementor-id=\"14394\" class=\"elementor elementor-14394\" data-elementor-post-type=\"page\">\n\t\t\t\t<div class=\"elementor-element elementor-element-1eb6425 e-flex e-con-boxed e-con e-parent\" data-id=\"1eb6425\" data-element_type=\"container\" data-e-type=\"container\">\n\t\t\t\t\t<div class=\"e-con-inner\">\n\t\t<div class=\"elementor-element elementor-element-79d4769 e-con-full e-flex e-con e-child\" data-id=\"79d4769\" data-element_type=\"container\" data-e-type=\"container\">\n\t\t\t\t<div class=\"elementor-element elementor-element-a0179b8 elementor-widget__width-initial elementor-widget elementor-widget-heading\" data-id=\"a0179b8\" data-element_type=\"widget\" data-e-type=\"widget\" data-widget_type=\"heading.default\">\n\t\t\t\t\t<h1 class=\"elementor-heading-title elementor-size-default\">Velkommen til <b>Nordatlantens vogtere<\/b><\/h1>\t\t\t\t<\/div>\n\t\t\t\t<div class=\"elementor-element elementor-element-d122bc1 elementor-widget__width-initial elementor-widget elementor-widget-text-editor\" data-id=\"d122bc1\" data-element_type=\"widget\" data-e-type=\"widget\" data-widget_type=\"text-editor.default\">\n\t\t\t\t\t\t\t\t\t<p><strong>Tak!<\/strong><br \/>Din hj\u00e6lp med at teste GUARDNA&#8217;s tekster og hjemmeside og din deltagelse i pilottesten er afg\u00f8rende for, at det kan blive til brugbar information.<\/p><p><strong>Nye materiale<\/strong><br \/>Vi arbejder i \u00f8jeblikket p\u00e5 materialet og siden for at kunne give jer indhold af h\u00f8j v\u00e6rdi. Hvis du har feedback eller forslag, er du velkommen til at udfylde skemaet til enten l\u00e6rere eller elever.<\/p><p><strong>F\u00f8rste gang?<\/strong><br \/>Er det f\u00f8rste gang, du bes\u00f8ger vores hjemmeside, og er du l\u00e6rer, kan du finde god information i vores l\u00e6rervejledning om, hvordan du bruger materialet og bev\u00e6ger dig rundt p\u00e5 hjemmesiden.<br \/>Hvis du har andre kommentarer eller sp\u00f8rgsm\u00e5l, kan du kontakte os p\u00e5 <a href=\"mailto:education@nammco.org\">education@nammco.org<\/a>.<\/p>\t\t\t\t\t\t\t\t<\/div>\n\t\t\t\t<div class=\"elementor-element elementor-element-8604e5e elementor-widget elementor-widget-button\" data-id=\"8604e5e\" data-element_type=\"widget\" data-e-type=\"widget\" data-widget_type=\"button.default\">\n\t\t\t\t\t\t\t\t\t\t<a class=\"elementor-button elementor-button-link elementor-size-sm\" href=\"https:\/\/guardna-educ.com\/da\/8-10-klassetrin\/laererens-vejledning\/\" target=\"_blank\">\n\t\t\t\t\t\t<span class=\"elementor-button-content-wrapper\">\n\t\t\t\t\t\t\t\t\t<span class=\"elementor-button-text\">L\u00e6rervejledning til GUARDNA<\/span>\n\t\t\t\t\t<\/span>\n\t\t\t\t\t<\/a>\n\t\t\t\t\t\t\t\t<\/div>\n\t\t\t\t<\/div>\n\t\t<div class=\"elementor-element elementor-element-06817aa e-con-full e-flex e-con e-child\" data-id=\"06817aa\" data-element_type=\"container\" data-e-type=\"container\" data-settings=\"{&quot;sticky&quot;:&quot;top&quot;,&quot;sticky_offset&quot;:208,&quot;sticky_parent&quot;:&quot;yes&quot;,&quot;background_background&quot;:&quot;classic&quot;,&quot;sticky_on&quot;:[&quot;desktop&quot;,&quot;tablet&quot;,&quot;mobile&quot;],&quot;sticky_effects_offset&quot;:0,&quot;sticky_anchor_link_offset&quot;:0}\">\n\t\t\t\t<div class=\"elementor-element elementor-element-dd13ef7 elementor-widget elementor-widget-image\" data-id=\"dd13ef7\" data-element_type=\"widget\" data-e-type=\"widget\" data-widget_type=\"image.default\">\n\t\t\t\t\t\t\t\t\t\t\t\t\t\t\t<img fetchpriority=\"high\" decoding=\"async\" width=\"340\" height=\"228\" src=\"https:\/\/guardna-educ.com\/wp-content\/uploads\/2025\/09\/humpback-2.svg\" class=\"attachment-full size-full wp-image-14764\" alt=\"\" \/>\t\t\t\t\t\t\t\t\t\t\t\t\t\t\t<\/div>\n\t\t\t\t<\/div>\n\t\t\t\t\t<\/div>\n\t\t\t\t<\/div>\n\t\t\t\t<\/div>\n\t\t","protected":false},"excerpt":{"rendered":"<p>Velkommen til Nordatlantens vogtere Tak!Din hj\u00e6lp med at teste GUARDNA&#8217;s tekster og hjemmeside og din deltagelse i pilottesten er afg\u00f8rende for, at det kan blive til brugbar information. Nye materialeVi arbejder i \u00f8jeblikket p\u00e5 materialet og siden for at kunne give jer indhold af h\u00f8j v\u00e6rdi. Hvis du har feedback eller forslag, er du velkommen [&hellip;]<\/p>\n","protected":false},"author":5,"featured_media":0,"parent":0,"menu_order":0,"comment_status":"closed","ping_status":"closed","template":"","meta":{"footnotes":""},"class_list":["post-14394","page","type-page","status-publish","hentry"],"featured_image_src":null,"featured_image_src_square":null,"_links":{"self":[{"href":"https:\/\/guardna-educ.com\/da\/wp-json\/wp\/v2\/pages\/14394","targetHints":{"allow":["GET"]}}],"collection":[{"href":"https:\/\/guardna-educ.com\/da\/wp-json\/wp\/v2\/pages"}],"about":[{"href":"https:\/\/guardna-educ.com\/da\/wp-json\/wp\/v2\/types\/page"}],"author":[{"embeddable":true,"href":"https:\/\/guardna-educ.com\/da\/wp-json\/wp\/v2\/users\/5"}],"replies":[{"embeddable":true,"href":"https:\/\/guardna-educ.com\/da\/wp-json\/wp\/v2\/comments?post=14394"}],"version-history":[{"count":0,"href":"https:\/\/guardna-educ.com\/da\/wp-json\/wp\/v2\/pages\/14394\/revisions"}],"wp:attachment":[{"href":"https:\/\/guardna-educ.com\/da\/wp-json\/wp\/v2\/media?parent=14394"}],"curies":[{"name":"wp","href":"https:\/\/api.w.org\/{rel}","templated":true}]}}