{"id":14473,"date":"2025-09-01T12:43:06","date_gmt":"2025-09-01T12:43:06","guid":{"rendered":"https:\/\/guardna.wpenginepowered.com\/8-10-trinn\/"},"modified":"2025-09-01T12:48:17","modified_gmt":"2025-09-01T12:48:17","slug":"8-10-trinn","status":"publish","type":"page","link":"https:\/\/guardna-educ.com\/no\/8-10-trinn\/","title":{"rendered":"Hjemme (8.-10.trinn)"},"content":{"rendered":"\t\t<div data-elementor-type=\"wp-page\" data-elementor-id=\"14473\" class=\"elementor elementor-14473\" data-elementor-post-type=\"page\">\n\t\t\t\t<div class=\"elementor-element elementor-element-1eb6425 e-flex e-con-boxed e-con e-parent\" data-id=\"1eb6425\" data-element_type=\"container\" data-e-type=\"container\">\n\t\t\t\t\t<div class=\"e-con-inner\">\n\t\t<div class=\"elementor-element elementor-element-79d4769 e-con-full e-flex e-con e-child\" data-id=\"79d4769\" data-element_type=\"container\" data-e-type=\"container\">\n\t\t\t\t<div class=\"elementor-element elementor-element-a0179b8 elementor-widget__width-initial elementor-widget elementor-widget-heading\" data-id=\"a0179b8\" data-element_type=\"widget\" data-e-type=\"widget\" data-widget_type=\"heading.default\">\n\t\t\t\t\t<h1 class=\"elementor-heading-title elementor-size-default\">Velkommen til <b>Nord-Atlanterhavets voktere<\/b><\/h1>\t\t\t\t<\/div>\n\t\t\t\t<div class=\"elementor-element elementor-element-d122bc1 elementor-widget__width-initial elementor-widget elementor-widget-text-editor\" data-id=\"d122bc1\" data-element_type=\"widget\" data-e-type=\"widget\" data-widget_type=\"text-editor.default\">\n\t\t\t\t\t\t\t\t\t<p><strong>Takk!<\/strong><br \/>\u00c5 hjelpe oss med \u00e5 teste GUARDNA-materialet og nettsiden, og delta i pilottesten er avgj\u00f8rende for \u00e5 gj\u00f8re dette til en nyttig tjeneste.<\/p><p><strong>Nytt materiale<\/strong><br \/>Vi jobber for tiden med materialet og siden for \u00e5 gi deg verdifullt innhold. Hvis du har tilbakemeldinger eller forslag, du kan n\u00e5 oss p\u00e5 education@nammco.org.<\/p><p><strong>F\u00f8rste gang?<\/strong><br \/>Hvis dette er f\u00f8rste gang du er her og du er l\u00e6rer eller pedagog, kan du g\u00e5 til l\u00e6rerveiledningen for \u00e5 f\u00e5 en bedre forst\u00e5else av hvordan du bruker materialet og navigerer p\u00e5 nettstedet.<\/p>\t\t\t\t\t\t\t\t<\/div>\n\t\t\t\t<div class=\"elementor-element elementor-element-8604e5e elementor-widget elementor-widget-button\" data-id=\"8604e5e\" data-element_type=\"widget\" data-e-type=\"widget\" data-widget_type=\"button.default\">\n\t\t\t\t\t\t\t\t\t\t<a class=\"elementor-button elementor-button-link elementor-size-sm\" href=\"https:\/\/guardna-educ.com\/13-15\/teachers\/\">\n\t\t\t\t\t\t<span class=\"elementor-button-content-wrapper\">\n\t\t\t\t\t\t\t\t\t<span class=\"elementor-button-text\">See teachers guide<\/span>\n\t\t\t\t\t<\/span>\n\t\t\t\t\t<\/a>\n\t\t\t\t\t\t\t\t<\/div>\n\t\t\t\t<\/div>\n\t\t<div class=\"elementor-element elementor-element-06817aa e-con-full e-flex e-con e-child\" data-id=\"06817aa\" data-element_type=\"container\" data-e-type=\"container\" data-settings=\"{&quot;sticky&quot;:&quot;top&quot;,&quot;sticky_offset&quot;:208,&quot;sticky_parent&quot;:&quot;yes&quot;,&quot;background_background&quot;:&quot;classic&quot;,&quot;sticky_on&quot;:[&quot;desktop&quot;,&quot;tablet&quot;,&quot;mobile&quot;],&quot;sticky_effects_offset&quot;:0,&quot;sticky_anchor_link_offset&quot;:0}\">\n\t\t\t\t<div class=\"elementor-element elementor-element-792a81f elementor-widget elementor-widget-image\" data-id=\"792a81f\" data-element_type=\"widget\" data-e-type=\"widget\" data-widget_type=\"image.default\">\n\t\t\t\t\t\t\t\t\t\t\t\t\t\t\t<img fetchpriority=\"high\" decoding=\"async\" width=\"621\" height=\"667\" src=\"https:\/\/guardna-educ.com\/wp-content\/uploads\/2025\/06\/guardna-illustrations.svg\" class=\"attachment-full size-full wp-image-7658\" alt=\"\" \/>\t\t\t\t\t\t\t\t\t\t\t\t\t\t\t<\/div>\n\t\t\t\t<\/div>\n\t\t\t\t\t<\/div>\n\t\t\t\t<\/div>\n\t\t\t\t<\/div>\n\t\t","protected":false},"excerpt":{"rendered":"<p>Velkommen til Nord-Atlanterhavets voktere Takk!\u00c5 hjelpe oss med \u00e5 teste GUARDNA-materialet og nettsiden, og delta i pilottesten er avgj\u00f8rende for \u00e5 gj\u00f8re dette til en nyttig tjeneste. Nytt materialeVi jobber for tiden med materialet og siden for \u00e5 gi deg verdifullt innhold. Hvis du har tilbakemeldinger eller forslag, du kan n\u00e5 oss p\u00e5 education@nammco.org. F\u00f8rste [&hellip;]<\/p>\n","protected":false},"author":5,"featured_media":0,"parent":0,"menu_order":0,"comment_status":"closed","ping_status":"closed","template":"","meta":{"footnotes":""},"class_list":["post-14473","page","type-page","status-publish","hentry"],"featured_image_src":null,"featured_image_src_square":null,"_links":{"self":[{"href":"https:\/\/guardna-educ.com\/no\/wp-json\/wp\/v2\/pages\/14473","targetHints":{"allow":["GET"]}}],"collection":[{"href":"https:\/\/guardna-educ.com\/no\/wp-json\/wp\/v2\/pages"}],"about":[{"href":"https:\/\/guardna-educ.com\/no\/wp-json\/wp\/v2\/types\/page"}],"author":[{"embeddable":true,"href":"https:\/\/guardna-educ.com\/no\/wp-json\/wp\/v2\/users\/5"}],"replies":[{"embeddable":true,"href":"https:\/\/guardna-educ.com\/no\/wp-json\/wp\/v2\/comments?post=14473"}],"version-history":[{"count":0,"href":"https:\/\/guardna-educ.com\/no\/wp-json\/wp\/v2\/pages\/14473\/revisions"}],"wp:attachment":[{"href":"https:\/\/guardna-educ.com\/no\/wp-json\/wp\/v2\/media?parent=14473"}],"curies":[{"name":"wp","href":"https:\/\/api.w.org\/{rel}","templated":true}]}}